{"id":1161,"date":"2023-04-06T11:32:20","date_gmt":"2023-04-06T09:32:20","guid":{"rendered":"https:\/\/multicam-space.com\/realization\/"},"modified":"2024-09-09T09:44:05","modified_gmt":"2024-09-09T07:44:05","slug":"realization","status":"publish","type":"page","link":"https:\/\/multicam-space.com\/en\/realization\/","title":{"rendered":"REALIZATIONS"},"content":{"rendered":"\t\t<div data-elementor-type=\"wp-page\" data-elementor-id=\"1161\" class=\"elementor elementor-1161 elementor-585\" data-elementor-post-type=\"page\">\n\t\t\t\t<div class=\"has_eae_slider elementor-element elementor-element-b22935c e-con-full e-flex e-con e-parent\" data-eae-slider=\"5658\" data-id=\"b22935c\" data-element_type=\"container\" data-e-type=\"container\" data-settings=\"{&quot;background_background&quot;:&quot;classic&quot;}\">\n\t\t\t\t<div class=\"elementor-element elementor-element-55dd993 elementor-widget elementor-widget-heading\" data-id=\"55dd993\" data-element_type=\"widget\" data-e-type=\"widget\" data-widget_type=\"heading.default\">\n\t\t\t\t<div class=\"elementor-widget-container\">\n\t\t\t\t\t<h2 class=\"elementor-heading-title elementor-size-default\">Realization<\/h2>\t\t\t\t<\/div>\n\t\t\t\t<\/div>\n\t\t\t\t<\/div>\n\t\t<div class=\"has_eae_slider elementor-element elementor-element-191ef2ce e-flex e-con-boxed e-con e-parent\" data-eae-slider=\"50684\" data-id=\"191ef2ce\" data-element_type=\"container\" data-e-type=\"container\" data-settings=\"{&quot;background_background&quot;:&quot;classic&quot;}\">\n\t\t\t\t\t<div class=\"e-con-inner\">\n\t\t\t\t<div class=\"elementor-element elementor-element-278d2468 elementor-grid-2 elementor-grid-tablet-2 elementor-grid-mobile-1 elementor-posts--thumbnail-top elementor-widget elementor-widget-posts\" data-id=\"278d2468\" data-element_type=\"widget\" data-e-type=\"widget\" data-settings=\"{&quot;classic_columns&quot;:&quot;2&quot;,&quot;classic_columns_tablet&quot;:&quot;2&quot;,&quot;classic_columns_mobile&quot;:&quot;1&quot;,&quot;classic_row_gap&quot;:{&quot;unit&quot;:&quot;px&quot;,&quot;size&quot;:35,&quot;sizes&quot;:[]},&quot;classic_row_gap_tablet&quot;:{&quot;unit&quot;:&quot;px&quot;,&quot;size&quot;:&quot;&quot;,&quot;sizes&quot;:[]},&quot;classic_row_gap_mobile&quot;:{&quot;unit&quot;:&quot;px&quot;,&quot;size&quot;:&quot;&quot;,&quot;sizes&quot;:[]}}\" data-widget_type=\"posts.classic\">\n\t\t\t\t<div class=\"elementor-widget-container\">\n\t\t\t\t\t\t\t<div class=\"elementor-posts-container elementor-posts elementor-posts--skin-classic elementor-grid\" role=\"list\">\n\t\t\t\t<article class=\"elementor-post elementor-grid-item post-3177 post type-post status-publish format-standard has-post-thumbnail hentry category-non-classifiee\" role=\"listitem\">\n\t\t\t\t<a class=\"elementor-post__thumbnail__link\" href=\"https:\/\/multicam-space.com\/en\/multicam-space-hosts-bioderma-live-event-corporate-studio-broadcast-solutions\/\" tabindex=\"-1\" >\n\t\t\t<div class=\"elementor-post__thumbnail\"><img fetchpriority=\"high\" decoding=\"async\" width=\"800\" height=\"798\" src=\"https:\/\/multicam-space.com\/wp-content\/uploads\/2025\/08\/1-1024x1021.png\" class=\"attachment-large size-large wp-image-3168\" alt=\"\" srcset=\"https:\/\/multicam-space.com\/wp-content\/uploads\/2025\/08\/1-1024x1021.png 1024w, https:\/\/multicam-space.com\/wp-content\/uploads\/2025\/08\/1-300x300.png 300w, https:\/\/multicam-space.com\/wp-content\/uploads\/2025\/08\/1-150x150.png 150w, https:\/\/multicam-space.com\/wp-content\/uploads\/2025\/08\/1-768x765.png 768w, https:\/\/multicam-space.com\/wp-content\/uploads\/2025\/08\/1.png 1190w\" sizes=\"(max-width: 800px) 100vw, 800px\" \/><\/div>\n\t\t<\/a>\n\t\t\t\t<div class=\"elementor-post__text\">\n\t\t\t\t<h3 class=\"elementor-post__title\">\n\t\t\t<a href=\"https:\/\/multicam-space.com\/en\/multicam-space-hosts-bioderma-live-event-corporate-studio-broadcast-solutions\/\" >\n\t\t\t\tmultiCAM Space Hosts Bioderma Live Event \u2013 Corporate Studio &amp; Broadcast Solutions\t\t\t<\/a>\n\t\t<\/h3>\n\t\t\t\t<div class=\"elementor-post__excerpt\">\n\t\t\t<p>multiCAM Space recently welcomed Bioderma and the agency Dedikazio for a full day of filming in Paris. Interactive live production The event targeted the NAOS<\/p>\n\t\t<\/div>\n\t\t\t\t<\/div>\n\t\t\t\t<\/article>\n\t\t\t\t<article class=\"elementor-post elementor-grid-item post-3162 post type-post status-publish format-standard has-post-thumbnail hentry category-non-classifiee\" role=\"listitem\">\n\t\t\t\t<a class=\"elementor-post__thumbnail__link\" href=\"https:\/\/multicam-space.com\/en\/inside-the-xr-studio-where-a-new-sports-tv-pilot-was-filmed\/\" tabindex=\"-1\" >\n\t\t\t<div class=\"elementor-post__thumbnail\"><img decoding=\"async\" width=\"800\" height=\"798\" src=\"https:\/\/multicam-space.com\/wp-content\/uploads\/2025\/07\/Design-sans-titre-3-1024x1021.png\" class=\"attachment-large size-large wp-image-3156\" alt=\"\" srcset=\"https:\/\/multicam-space.com\/wp-content\/uploads\/2025\/07\/Design-sans-titre-3-1024x1021.png 1024w, https:\/\/multicam-space.com\/wp-content\/uploads\/2025\/07\/Design-sans-titre-3-300x300.png 300w, https:\/\/multicam-space.com\/wp-content\/uploads\/2025\/07\/Design-sans-titre-3-150x150.png 150w, https:\/\/multicam-space.com\/wp-content\/uploads\/2025\/07\/Design-sans-titre-3-768x765.png 768w, https:\/\/multicam-space.com\/wp-content\/uploads\/2025\/07\/Design-sans-titre-3.png 1190w\" sizes=\"(max-width: 800px) 100vw, 800px\" \/><\/div>\n\t\t<\/a>\n\t\t\t\t<div class=\"elementor-post__text\">\n\t\t\t\t<h3 class=\"elementor-post__title\">\n\t\t\t<a href=\"https:\/\/multicam-space.com\/en\/inside-the-xr-studio-where-a-new-sports-tv-pilot-was-filmed\/\" >\n\t\t\t\tInside the XR Studio Where a New Sports TV Pilot Was Filmed\t\t\t<\/a>\n\t\t<\/h3>\n\t\t\t\t<div class=\"elementor-post__excerpt\">\n\t\t\t<p>A few days ago, our immersive studio multiCAM Space hosted the filming of a sports TV pilot for a new channel.The production was managed by<\/p>\n\t\t<\/div>\n\t\t\t\t<\/div>\n\t\t\t\t<\/article>\n\t\t\t\t<article class=\"elementor-post elementor-grid-item post-3115 post type-post status-publish format-standard has-post-thumbnail hentry category-non-classifiee\" role=\"listitem\">\n\t\t\t\t<a class=\"elementor-post__thumbnail__link\" href=\"https:\/\/multicam-space.com\/en\/an-immersive-shoot-to-elevate-corporate-communication\/\" tabindex=\"-1\" >\n\t\t\t<div class=\"elementor-post__thumbnail\"><img decoding=\"async\" width=\"800\" height=\"800\" src=\"https:\/\/multicam-space.com\/wp-content\/uploads\/2025\/06\/Newsletter-Linkedin-et-Brevo-4-copie-5-1024x1024.png\" class=\"attachment-large size-large wp-image-3110\" alt=\"\" srcset=\"https:\/\/multicam-space.com\/wp-content\/uploads\/2025\/06\/Newsletter-Linkedin-et-Brevo-4-copie-5-1024x1024.png 1024w, https:\/\/multicam-space.com\/wp-content\/uploads\/2025\/06\/Newsletter-Linkedin-et-Brevo-4-copie-5-300x300.png 300w, https:\/\/multicam-space.com\/wp-content\/uploads\/2025\/06\/Newsletter-Linkedin-et-Brevo-4-copie-5-150x150.png 150w, https:\/\/multicam-space.com\/wp-content\/uploads\/2025\/06\/Newsletter-Linkedin-et-Brevo-4-copie-5-768x768.png 768w, https:\/\/multicam-space.com\/wp-content\/uploads\/2025\/06\/Newsletter-Linkedin-et-Brevo-4-copie-5.png 1500w\" sizes=\"(max-width: 800px) 100vw, 800px\" \/><\/div>\n\t\t<\/a>\n\t\t\t\t<div class=\"elementor-post__text\">\n\t\t\t\t<h3 class=\"elementor-post__title\">\n\t\t\t<a href=\"https:\/\/multicam-space.com\/en\/an-immersive-shoot-to-elevate-corporate-communication\/\" >\n\t\t\t\tAn Immersive Shoot to Elevate Corporate Communication\t\t\t<\/a>\n\t\t<\/h3>\n\t\t\t\t<div class=\"elementor-post__excerpt\">\n\t\t\t<p>The multiCAM Space studio recently hosted an ambitious production: an immersive shoot with PRODIGEO Assurances, in collaboration with the agency Le Loup Blanc \u00c9v\u00e9nement. This<\/p>\n\t\t<\/div>\n\t\t\t\t<\/div>\n\t\t\t\t<\/article>\n\t\t\t\t<article class=\"elementor-post elementor-grid-item post-3101 post type-post status-publish format-standard has-post-thumbnail hentry category-non-classifiee\" role=\"listitem\">\n\t\t\t\t<a class=\"elementor-post__thumbnail__link\" href=\"https:\/\/multicam-space.com\/en\/a-day-dedicated-to-visual-innovation-and-artificial-intelligence-at-multicam-space\/\" tabindex=\"-1\" >\n\t\t\t<div class=\"elementor-post__thumbnail\"><img loading=\"lazy\" decoding=\"async\" width=\"800\" height=\"800\" src=\"https:\/\/multicam-space.com\/wp-content\/uploads\/2025\/05\/Newsletter-Linkedin-et-Brevo-4-1024x1024.png\" class=\"attachment-large size-large wp-image-3099\" alt=\"\" srcset=\"https:\/\/multicam-space.com\/wp-content\/uploads\/2025\/05\/Newsletter-Linkedin-et-Brevo-4-1024x1024.png 1024w, https:\/\/multicam-space.com\/wp-content\/uploads\/2025\/05\/Newsletter-Linkedin-et-Brevo-4-300x300.png 300w, https:\/\/multicam-space.com\/wp-content\/uploads\/2025\/05\/Newsletter-Linkedin-et-Brevo-4-150x150.png 150w, https:\/\/multicam-space.com\/wp-content\/uploads\/2025\/05\/Newsletter-Linkedin-et-Brevo-4-768x768.png 768w, https:\/\/multicam-space.com\/wp-content\/uploads\/2025\/05\/Newsletter-Linkedin-et-Brevo-4.png 1500w\" sizes=\"(max-width: 800px) 100vw, 800px\" \/><\/div>\n\t\t<\/a>\n\t\t\t\t<div class=\"elementor-post__text\">\n\t\t\t\t<h3 class=\"elementor-post__title\">\n\t\t\t<a href=\"https:\/\/multicam-space.com\/en\/a-day-dedicated-to-visual-innovation-and-artificial-intelligence-at-multicam-space\/\" >\n\t\t\t\tA Day Dedicated to Visual Innovation and Artificial Intelligence at multiCAM Space\t\t\t<\/a>\n\t\t<\/h3>\n\t\t\t\t<div class=\"elementor-post__excerpt\">\n\t\t\t<p>This May, multiCAM Space had the pleasure of opening its doors to a group of audiovisual professionals for a day fully dedicated to visual creation<\/p>\n\t\t<\/div>\n\t\t\t\t<\/div>\n\t\t\t\t<\/article>\n\t\t\t\t<article class=\"elementor-post elementor-grid-item post-3005 post type-post status-publish format-standard has-post-thumbnail hentry category-non-classifiee\" role=\"listitem\">\n\t\t\t\t<a class=\"elementor-post__thumbnail__link\" href=\"https:\/\/multicam-space.com\/en\/new-on-m6-les-traitres-revelations-sur-la-suite-at-multicam-space\/\" tabindex=\"-1\" >\n\t\t\t<div class=\"elementor-post__thumbnail\"><img loading=\"lazy\" decoding=\"async\" width=\"800\" height=\"450\" src=\"https:\/\/multicam-space.com\/wp-content\/uploads\/2024\/08\/DSC7657-1024x576.jpeg\" class=\"attachment-large size-large wp-image-2995\" alt=\"\" srcset=\"https:\/\/multicam-space.com\/wp-content\/uploads\/2024\/08\/DSC7657-1024x576.jpeg 1024w, https:\/\/multicam-space.com\/wp-content\/uploads\/2024\/08\/DSC7657-300x169.jpeg 300w, https:\/\/multicam-space.com\/wp-content\/uploads\/2024\/08\/DSC7657-768x432.jpeg 768w, https:\/\/multicam-space.com\/wp-content\/uploads\/2024\/08\/DSC7657-1536x864.jpeg 1536w, https:\/\/multicam-space.com\/wp-content\/uploads\/2024\/08\/DSC7657-2048x1152.jpeg 2048w\" sizes=\"(max-width: 800px) 100vw, 800px\" \/><\/div>\n\t\t<\/a>\n\t\t\t\t<div class=\"elementor-post__text\">\n\t\t\t\t<h3 class=\"elementor-post__title\">\n\t\t\t<a href=\"https:\/\/multicam-space.com\/en\/new-on-m6-les-traitres-revelations-sur-la-suite-at-multicam-space\/\" >\n\t\t\t\tNew on M6: \u201cLes Tra\u00eetres : R\u00e9v\u00e9lations sur la Suite&#8230;\u201d at multiCAM Space!\t\t\t<\/a>\n\t\t<\/h3>\n\t\t\t\t<div class=\"elementor-post__excerpt\">\n\t\t\t<p>On August 15, fans of M6&#8217;s hit TV show \u201cLes Tra\u00eetres\u201d were in for a big surprise. Now that the mysterious competition is back on the air, M6 has decided to go one step further with a brand-new second part: \u201cLes Tra\u00eetres : R\u00e9v\u00e9lations sur la Suite&#8230;\u201d, hosted by the energetic Juju Fitcats. <\/p>\n\t\t<\/div>\n\t\t\t\t<\/div>\n\t\t\t\t<\/article>\n\t\t\t\t<article class=\"elementor-post elementor-grid-item post-2908 post type-post status-publish format-standard has-post-thumbnail hentry category-non-classifiee\" role=\"listitem\">\n\t\t\t\t<a class=\"elementor-post__thumbnail__link\" href=\"https:\/\/multicam-space.com\/en\/chez-sally-the-must-see-video-podcast-on-spotify\/\" tabindex=\"-1\" >\n\t\t\t<div class=\"elementor-post__thumbnail\"><img loading=\"lazy\" decoding=\"async\" width=\"800\" height=\"600\" src=\"https:\/\/multicam-space.com\/wp-content\/uploads\/2024\/08\/IMG_20240628_154427-1024x768.jpg\" class=\"attachment-large size-large wp-image-2890\" alt=\"\" srcset=\"https:\/\/multicam-space.com\/wp-content\/uploads\/2024\/08\/IMG_20240628_154427-1024x768.jpg 1024w, https:\/\/multicam-space.com\/wp-content\/uploads\/2024\/08\/IMG_20240628_154427-300x225.jpg 300w, https:\/\/multicam-space.com\/wp-content\/uploads\/2024\/08\/IMG_20240628_154427-768x576.jpg 768w, https:\/\/multicam-space.com\/wp-content\/uploads\/2024\/08\/IMG_20240628_154427-1536x1152.jpg 1536w, https:\/\/multicam-space.com\/wp-content\/uploads\/2024\/08\/IMG_20240628_154427-2048x1536.jpg 2048w\" sizes=\"(max-width: 800px) 100vw, 800px\" \/><\/div>\n\t\t<\/a>\n\t\t\t\t<div class=\"elementor-post__text\">\n\t\t\t\t<h3 class=\"elementor-post__title\">\n\t\t\t<a href=\"https:\/\/multicam-space.com\/en\/chez-sally-the-must-see-video-podcast-on-spotify\/\" >\n\t\t\t\tChez Sally: the must-see video podcast on Spotify\t\t\t<\/a>\n\t\t<\/h3>\n\t\t\t\t<div class=\"elementor-post__excerpt\">\n\t\t\t<p>On June 6, content creator Sally, also known as Crazy Sally, launched her brand new podcast &#8220;Chez Sally&#8221;, in collaboration with Spotify France and Lacm\u00e9 Production at multiCAM Space.<\/p>\n\t\t<\/div>\n\t\t\t\t<\/div>\n\t\t\t\t<\/article>\n\t\t\t\t<\/div>\n\t\t\n\t\t\t\t\t\t<\/div>\n\t\t\t\t<\/div>\n\t\t\t\t\t<\/div>\n\t\t\t\t<\/div>\n\t\t\t\t<\/div>\n\t\t","protected":false},"excerpt":{"rendered":"<p>Realization<\/p>\n","protected":false},"author":1,"featured_media":0,"parent":0,"menu_order":0,"comment_status":"closed","ping_status":"closed","template":"","meta":{"footnotes":""},"class_list":["post-1161","page","type-page","status-publish","hentry"],"aioseo_notices":[],"_links":{"self":[{"href":"https:\/\/multicam-space.com\/en\/wp-json\/wp\/v2\/pages\/1161"}],"collection":[{"href":"https:\/\/multicam-space.com\/en\/wp-json\/wp\/v2\/pages"}],"about":[{"href":"https:\/\/multicam-space.com\/en\/wp-json\/wp\/v2\/types\/page"}],"author":[{"embeddable":true,"href":"https:\/\/multicam-space.com\/en\/wp-json\/wp\/v2\/users\/1"}],"replies":[{"embeddable":true,"href":"https:\/\/multicam-space.com\/en\/wp-json\/wp\/v2\/comments?post=1161"}],"version-history":[{"count":2,"href":"https:\/\/multicam-space.com\/en\/wp-json\/wp\/v2\/pages\/1161\/revisions"}],"predecessor-version":[{"id":3047,"href":"https:\/\/multicam-space.com\/en\/wp-json\/wp\/v2\/pages\/1161\/revisions\/3047"}],"wp:attachment":[{"href":"https:\/\/multicam-space.com\/en\/wp-json\/wp\/v2\/media?parent=1161"}],"curies":[{"name":"wp","href":"https:\/\/api.w.org\/{rel}","templated":true}]}}